{"id":392,"date":"2023-11-13T10:36:48","date_gmt":"2023-11-13T09:36:48","guid":{"rendered":"https:\/\/www.kuychichaka.com\/inicio\/"},"modified":"2025-02-04T15:02:18","modified_gmt":"2025-02-04T14:02:18","slug":"inicio","status":"publish","type":"page","link":"https:\/\/www.kuychichaka.org\/es\/inicio\/","title":{"rendered":"Inicio"},"content":{"rendered":"<div id='full_slider_1'  class='avia-fullwidth-slider main_color avia-shadow   avia-builder-el-0  el_before_av_section  avia-builder-el-first   container_wrap sidebar_right'  ><div  class='avia-slideshow av-ly42vsrp-6e4d92fc77b1777503d083100add5f47 avia-slideshow-large av_slideshow_full avia-slide-slider av-slideshow-ui av-control-minimal av-nav-arrows-visible av-slideshow-autoplay av-loop-endless av-loop-manual-endless av-default-height-applied   avia-slideshow-1' data-slideshow-options=\"{&quot;animation&quot;:&quot;slide&quot;,&quot;autoplay&quot;:true,&quot;loop_autoplay&quot;:&quot;endless&quot;,&quot;interval&quot;:5,&quot;loop_manual&quot;:&quot;manual-endless&quot;,&quot;autoplay_stopper&quot;:false,&quot;noNavigation&quot;:false,&quot;bg_slider&quot;:false,&quot;keep_padding&quot;:false,&quot;hoverpause&quot;:false,&quot;show_slide_delay&quot;:0}\"  itemprop=\"image\" itemscope=\"itemscope\" itemtype=\"https:\/\/schema.org\/ImageObject\" ><ul class='avia-slideshow-inner ' style='padding-bottom: 100%;'><li  class='avia-slideshow-slide av-ly42vsrp-6e4d92fc77b1777503d083100add5f47__0  slide-1 slide-odd'><div data-rel='slideshow-1' class='avia-slide-wrap '   ><img decoding=\"async\" fetchpriority=\"high\" class=\"wp-image-246 avia-img-lazy-loading-not-246\"  src=\"https:\/\/www.kuychichaka.org\/wp-content\/uploads\/2023\/11\/rainbow-7350780-1030x1030.webp\" width=\"1030\" height=\"1030\" title='rainbow-7350780' alt=''  itemprop=\"thumbnailUrl\" srcset=\"https:\/\/www.kuychichaka.org\/wp-content\/uploads\/2023\/11\/rainbow-7350780-1030x1030.webp 1030w, https:\/\/www.kuychichaka.org\/wp-content\/uploads\/2023\/11\/rainbow-7350780-300x300.webp 300w, https:\/\/www.kuychichaka.org\/wp-content\/uploads\/2023\/11\/rainbow-7350780-80x80.webp 80w, https:\/\/www.kuychichaka.org\/wp-content\/uploads\/2023\/11\/rainbow-7350780-768x768.webp 768w, https:\/\/www.kuychichaka.org\/wp-content\/uploads\/2023\/11\/rainbow-7350780-36x36.webp 36w, https:\/\/www.kuychichaka.org\/wp-content\/uploads\/2023\/11\/rainbow-7350780-180x180.webp 180w, https:\/\/www.kuychichaka.org\/wp-content\/uploads\/2023\/11\/rainbow-7350780-705x705.webp 705w, https:\/\/www.kuychichaka.org\/wp-content\/uploads\/2023\/11\/rainbow-7350780.webp 1500w\" sizes=\"(max-width: 1030px) 100vw, 1030px\" \/><\/div><\/li><li  class='avia-slideshow-slide av-ly42vsrp-6e4d92fc77b1777503d083100add5f47__1  slide-2 slide-even'><div data-rel='slideshow-1' class='avia-slide-wrap '   ><img decoding=\"async\" fetchpriority=\"high\" class=\"wp-image-248 avia-img-lazy-loading-not-248\"  src=\"https:\/\/www.kuychichaka.org\/wp-content\/uploads\/2023\/11\/heaven-4850411-1030x1030.webp\" width=\"1030\" height=\"1030\" title='heaven-4850411' alt=''  itemprop=\"thumbnailUrl\" srcset=\"https:\/\/www.kuychichaka.org\/wp-content\/uploads\/2023\/11\/heaven-4850411-1030x1030.webp 1030w, https:\/\/www.kuychichaka.org\/wp-content\/uploads\/2023\/11\/heaven-4850411-300x300.webp 300w, https:\/\/www.kuychichaka.org\/wp-content\/uploads\/2023\/11\/heaven-4850411-80x80.webp 80w, https:\/\/www.kuychichaka.org\/wp-content\/uploads\/2023\/11\/heaven-4850411-768x768.webp 768w, https:\/\/www.kuychichaka.org\/wp-content\/uploads\/2023\/11\/heaven-4850411-36x36.webp 36w, https:\/\/www.kuychichaka.org\/wp-content\/uploads\/2023\/11\/heaven-4850411-180x180.webp 180w, https:\/\/www.kuychichaka.org\/wp-content\/uploads\/2023\/11\/heaven-4850411-705x705.webp 705w, https:\/\/www.kuychichaka.org\/wp-content\/uploads\/2023\/11\/heaven-4850411.webp 1500w\" sizes=\"(max-width: 1030px) 100vw, 1030px\" \/><\/div><\/li><li  class='avia-slideshow-slide av-ly42vsrp-6e4d92fc77b1777503d083100add5f47__2  slide-3 slide-odd'><div data-rel='slideshow-1' class='avia-slide-wrap '   ><img decoding=\"async\" fetchpriority=\"high\" class=\"wp-image-250 avia-img-lazy-loading-not-250\"  src=\"https:\/\/www.kuychichaka.org\/wp-content\/uploads\/2023\/11\/homeslide-01-1030x1030.webp\" width=\"1030\" height=\"1030\" title='homeslide-01' alt=''  itemprop=\"thumbnailUrl\" srcset=\"https:\/\/www.kuychichaka.org\/wp-content\/uploads\/2023\/11\/homeslide-01-1030x1030.webp 1030w, https:\/\/www.kuychichaka.org\/wp-content\/uploads\/2023\/11\/homeslide-01-300x300.webp 300w, https:\/\/www.kuychichaka.org\/wp-content\/uploads\/2023\/11\/homeslide-01-80x80.webp 80w, https:\/\/www.kuychichaka.org\/wp-content\/uploads\/2023\/11\/homeslide-01-768x768.webp 768w, https:\/\/www.kuychichaka.org\/wp-content\/uploads\/2023\/11\/homeslide-01-36x36.webp 36w, https:\/\/www.kuychichaka.org\/wp-content\/uploads\/2023\/11\/homeslide-01-180x180.webp 180w, https:\/\/www.kuychichaka.org\/wp-content\/uploads\/2023\/11\/homeslide-01-705x705.webp 705w, https:\/\/www.kuychichaka.org\/wp-content\/uploads\/2023\/11\/homeslide-01.webp 1500w\" sizes=\"(max-width: 1030px) 100vw, 1030px\" \/><\/div><\/li><li  class='avia-slideshow-slide av-ly42vsrp-6e4d92fc77b1777503d083100add5f47__3  slide-4 slide-even'><div data-rel='slideshow-1' class='avia-slide-wrap '   ><img decoding=\"async\" fetchpriority=\"high\" class=\"wp-image-252 avia-img-lazy-loading-not-252\"  src=\"https:\/\/www.kuychichaka.org\/wp-content\/uploads\/2023\/11\/homeslide-02-1030x1030.webp\" width=\"1030\" height=\"1030\" title='homeslide-02' alt=''  itemprop=\"thumbnailUrl\" srcset=\"https:\/\/www.kuychichaka.org\/wp-content\/uploads\/2023\/11\/homeslide-02-1030x1030.webp 1030w, https:\/\/www.kuychichaka.org\/wp-content\/uploads\/2023\/11\/homeslide-02-300x300.webp 300w, https:\/\/www.kuychichaka.org\/wp-content\/uploads\/2023\/11\/homeslide-02-80x80.webp 80w, https:\/\/www.kuychichaka.org\/wp-content\/uploads\/2023\/11\/homeslide-02-768x768.webp 768w, https:\/\/www.kuychichaka.org\/wp-content\/uploads\/2023\/11\/homeslide-02-36x36.webp 36w, https:\/\/www.kuychichaka.org\/wp-content\/uploads\/2023\/11\/homeslide-02-180x180.webp 180w, https:\/\/www.kuychichaka.org\/wp-content\/uploads\/2023\/11\/homeslide-02-705x705.webp 705w, https:\/\/www.kuychichaka.org\/wp-content\/uploads\/2023\/11\/homeslide-02.webp 1500w\" sizes=\"(max-width: 1030px) 100vw, 1030px\" \/><\/div><\/li><li  class='avia-slideshow-slide av-ly42vsrp-6e4d92fc77b1777503d083100add5f47__4  slide-5 slide-odd'><div data-rel='slideshow-1' class='avia-slide-wrap '   ><img decoding=\"async\" fetchpriority=\"high\" class=\"wp-image-254 avia-img-lazy-loading-not-254\"  src=\"https:\/\/www.kuychichaka.org\/wp-content\/uploads\/2023\/11\/homeslide-03-1030x1030.webp\" width=\"1030\" height=\"1030\" title='homeslide-03' alt=''  itemprop=\"thumbnailUrl\" srcset=\"https:\/\/www.kuychichaka.org\/wp-content\/uploads\/2023\/11\/homeslide-03-1030x1030.webp 1030w, https:\/\/www.kuychichaka.org\/wp-content\/uploads\/2023\/11\/homeslide-03-300x300.webp 300w, https:\/\/www.kuychichaka.org\/wp-content\/uploads\/2023\/11\/homeslide-03-80x80.webp 80w, https:\/\/www.kuychichaka.org\/wp-content\/uploads\/2023\/11\/homeslide-03-768x768.webp 768w, https:\/\/www.kuychichaka.org\/wp-content\/uploads\/2023\/11\/homeslide-03-36x36.webp 36w, https:\/\/www.kuychichaka.org\/wp-content\/uploads\/2023\/11\/homeslide-03-180x180.webp 180w, https:\/\/www.kuychichaka.org\/wp-content\/uploads\/2023\/11\/homeslide-03-705x705.webp 705w, https:\/\/www.kuychichaka.org\/wp-content\/uploads\/2023\/11\/homeslide-03.webp 1500w\" sizes=\"(max-width: 1030px) 100vw, 1030px\" \/><\/div><\/li><li  class='avia-slideshow-slide av-ly42vsrp-6e4d92fc77b1777503d083100add5f47__5  slide-6 slide-even'><div data-rel='slideshow-1' class='avia-slide-wrap '   ><img decoding=\"async\" fetchpriority=\"high\" class=\"wp-image-256 avia-img-lazy-loading-not-256\"  src=\"https:\/\/www.kuychichaka.org\/wp-content\/uploads\/2023\/11\/homeslide-04-1030x1030.webp\" width=\"1030\" height=\"1030\" title='homeslide-04' alt=''  itemprop=\"thumbnailUrl\" srcset=\"https:\/\/www.kuychichaka.org\/wp-content\/uploads\/2023\/11\/homeslide-04-1030x1030.webp 1030w, https:\/\/www.kuychichaka.org\/wp-content\/uploads\/2023\/11\/homeslide-04-300x300.webp 300w, https:\/\/www.kuychichaka.org\/wp-content\/uploads\/2023\/11\/homeslide-04-80x80.webp 80w, https:\/\/www.kuychichaka.org\/wp-content\/uploads\/2023\/11\/homeslide-04-768x768.webp 768w, https:\/\/www.kuychichaka.org\/wp-content\/uploads\/2023\/11\/homeslide-04-1536x1536.webp 1536w, https:\/\/www.kuychichaka.org\/wp-content\/uploads\/2023\/11\/homeslide-04-2048x2048.webp 2048w, https:\/\/www.kuychichaka.org\/wp-content\/uploads\/2023\/11\/homeslide-04-36x36.webp 36w, https:\/\/www.kuychichaka.org\/wp-content\/uploads\/2023\/11\/homeslide-04-180x180.webp 180w, https:\/\/www.kuychichaka.org\/wp-content\/uploads\/2023\/11\/homeslide-04-1500x1500.webp 1500w, https:\/\/www.kuychichaka.org\/wp-content\/uploads\/2023\/11\/homeslide-04-705x705.webp 705w\" sizes=\"(max-width: 1030px) 100vw, 1030px\" \/><\/div><\/li><\/ul><div class='avia-slideshow-arrows avia-slideshow-controls' ><a href='#prev' class='prev-slide  avia-svg-icon avia-font-svg_entypo-fontello' data-av_svg_icon='left-open-big' data-av_iconset='svg_entypo-fontello' tabindex='-1' title=\"Anterior\"><svg version=\"1.1\" xmlns=\"http:\/\/www.w3.org\/2000\/svg\" width=\"15\" height=\"32\" viewBox=\"0 0 15 32\" preserveAspectRatio=\"xMidYMid meet\" aria-labelledby='av-svg-title-1' aria-describedby='av-svg-desc-1' role=\"graphics-symbol\" aria-hidden=\"true\">\n<title id='av-svg-title-1'>Anterior<\/title>\n<desc id='av-svg-desc-1'>Anterior<\/desc>\n<path d=\"M14.464 27.84q0.832 0.832 0 1.536-0.832 0.832-1.536 0l-12.544-12.608q-0.768-0.768 0-1.6l12.544-12.608q0.704-0.832 1.536 0 0.832 0.704 0 1.536l-11.456 11.904z\"><\/path>\n<\/svg><span class='avia_hidden_link_text'>Anterior<\/span><\/a><a href='#next' class='next-slide  avia-svg-icon avia-font-svg_entypo-fontello' data-av_svg_icon='right-open-big' data-av_iconset='svg_entypo-fontello' tabindex='-1' title=\"Posterior\"><svg version=\"1.1\" xmlns=\"http:\/\/www.w3.org\/2000\/svg\" width=\"15\" height=\"32\" viewBox=\"0 0 15 32\" preserveAspectRatio=\"xMidYMid meet\" aria-labelledby='av-svg-title-2' aria-describedby='av-svg-desc-2' role=\"graphics-symbol\" aria-hidden=\"true\">\n<title id='av-svg-title-2'>Posterior<\/title>\n<desc id='av-svg-desc-2'>Posterior<\/desc>\n<path d=\"M0.416 27.84l11.456-11.84-11.456-11.904q-0.832-0.832 0-1.536 0.832-0.832 1.536 0l12.544 12.608q0.768 0.832 0 1.6l-12.544 12.608q-0.704 0.832-1.536 0-0.832-0.704 0-1.536z\"><\/path>\n<\/svg><span class='avia_hidden_link_text'>Posterior<\/span><\/a><\/div><div class='avia-slideshow-dots avia-slideshow-controls'><a href='#1' class='goto-slide active' >1<\/a><a href='#2' class='goto-slide ' >2<\/a><a href='#3' class='goto-slide ' >3<\/a><a href='#4' class='goto-slide ' >4<\/a><a href='#5' class='goto-slide ' >5<\/a><a href='#6' class='goto-slide ' >6<\/a><\/div><\/div><\/div>\n\n<style type=\"text\/css\" data-created_by=\"avia_inline_auto\" id=\"style-css-av-loyb41gh-37a594b28c4713745f0e3f916e30ccee\">\n.avia-section.av-loyb41gh-37a594b28c4713745f0e3f916e30ccee{\nbackground-color:#518d42;\nbackground-image:unset;\n}\n<\/style>\n<div id='av_section_1'  class='avia-section av-loyb41gh-37a594b28c4713745f0e3f916e30ccee main_color avia-section-small avia-no-border-styling  avia-builder-el-1  el_after_av_slideshow_full  el_before_av_two_third  avia-bg-style-scroll container_wrap sidebar_right'  ><div class='container av-section-cont-open' ><div class='template-page content  av-content-small alpha units'><div class='post-entry post-entry-type-page post-entry-392'><div class='entry-content-wrapper clearfix'>\n\n<style type=\"text\/css\" data-created_by=\"avia_inline_auto\" id=\"style-css-av-loy84x07-57415c8e6491cb4d6e5beeb9484b6f24\">\n#top .av-special-heading.av-loy84x07-57415c8e6491cb4d6e5beeb9484b6f24{\npadding-bottom:10px;\ncolor:#ffffff;\nfont-size:55px;\n}\nbody .av-special-heading.av-loy84x07-57415c8e6491cb4d6e5beeb9484b6f24 .av-special-heading-tag .heading-char{\nfont-size:25px;\n}\n#top #wrap_all .av-special-heading.av-loy84x07-57415c8e6491cb4d6e5beeb9484b6f24 .av-special-heading-tag{\nfont-size:55px;\n}\n.av-special-heading.av-loy84x07-57415c8e6491cb4d6e5beeb9484b6f24 .special-heading-inner-border{\nborder-color:#ffffff;\n}\n.av-special-heading.av-loy84x07-57415c8e6491cb4d6e5beeb9484b6f24 .av-subheading{\nfont-size:15px;\n}\n\n@media only screen and (min-width: 480px) and (max-width: 767px){ \n#top #wrap_all .av-special-heading.av-loy84x07-57415c8e6491cb4d6e5beeb9484b6f24 .av-special-heading-tag{\nfont-size:0.8em;\n}\n}\n\n@media only screen and (max-width: 479px){ \n#top #wrap_all .av-special-heading.av-loy84x07-57415c8e6491cb4d6e5beeb9484b6f24 .av-special-heading-tag{\nfont-size:0.8em;\n}\n}\n<\/style>\n<div  class='av-special-heading av-loy84x07-57415c8e6491cb4d6e5beeb9484b6f24 av-special-heading-h2 custom-color-heading blockquote modern-quote modern-centered  avia-builder-el-2  avia-builder-el-no-sibling  av-inherit-size'><h2 class='av-special-heading-tag '  itemprop=\"headline\"  >El puente hacia el coraz\u00f3n de la tradici\u00f3n<\/h2><div class=\"special-heading-border\"><div class=\"special-heading-inner-border\"><\/div><\/div><\/div>\n<\/div><\/div><\/div><!-- close content main div --><\/div><\/div><div id='after_section_1'  class='main_color av_default_container_wrap container_wrap sidebar_right'  ><div class='container av-section-cont-open' ><div class='template-page content  av-content-small alpha units'><div class='post-entry post-entry-type-page post-entry-392'><div class='entry-content-wrapper clearfix'>\n<div  class='flex_column av-1gqus-8d9ed8034f0242bdb882c39a7ef1209f av_two_third  avia-builder-el-3  el_after_av_section  el_before_av_one_third  avia-builder-el-first  first flex_column_div  '     ><p>\n<style type=\"text\/css\" data-created_by=\"avia_inline_auto\" id=\"style-css-av-lowr4o8d-71480834c7436ded7cbe3d182b259b13\">\n#top .av-special-heading.av-lowr4o8d-71480834c7436ded7cbe3d182b259b13{\npadding-bottom:10px;\n}\nbody .av-special-heading.av-lowr4o8d-71480834c7436ded7cbe3d182b259b13 .av-special-heading-tag .heading-char{\nfont-size:25px;\n}\n.av-special-heading.av-lowr4o8d-71480834c7436ded7cbe3d182b259b13 .av-subheading{\nfont-size:15px;\n}\n<\/style>\n<div  class='av-special-heading av-lowr4o8d-71480834c7436ded7cbe3d182b259b13 av-special-heading-h1 blockquote modern-quote modern-centered  avia-builder-el-4  el_before_av_textblock  avia-builder-el-first '><h1 class='av-special-heading-tag '  itemprop=\"headline\"  >Qui\u00e9nes somos<\/h1><div class=\"special-heading-border\"><div class=\"special-heading-inner-border\"><\/div><\/div><\/div><br \/>\n\n<style type=\"text\/css\" data-created_by=\"avia_inline_auto\" id=\"style-css-av-lowr5mj1-25c96401b7c0a3c21e338977671aba08\">\n#top .av_textblock_section.av-lowr5mj1-25c96401b7c0a3c21e338977671aba08 .avia_textblock{\nfont-size:16px;\n}\n<\/style>\n<section  class='av_textblock_section av-lowr5mj1-25c96401b7c0a3c21e338977671aba08 '   itemscope=\"itemscope\" itemtype=\"https:\/\/schema.org\/CreativeWork\" ><div class='avia_textblock'  itemprop=\"text\" ><p>A veces las cosas buenas llevan su tiempo. En nuestro caso, tardamos 6 a\u00f1os en hacer realidad un deseo. Tres personas se han unido para dar vida a esta asociaci\u00f3n. Nuestra conexi\u00f3n es el amor de la tradici\u00f3n andina, las ense\u00f1anzas de la sabidur\u00eda de los Andes, un camino del coraz\u00f3n.<br \/>\nY el puente de coraz\u00f3n a coraz\u00f3n es el arco iris sobre el que caminamos. El arco iris se extiende ahora desde Per\u00fa y Bolivia a trav\u00e9s de la Pachamama, nuestra querida Madre Tierra, hasta muchos pa\u00edses y culturas de todo el mundo. Todos tenemos a\u00f1os de experiencia sobre c\u00f3mo y hasta qu\u00e9 punto se pueden utilizar las ense\u00f1anzas de los Andes para aportar armon\u00eda a la vida, porque uno de los principios fundamentales de los Andes se llama Ayni (en Qechua, compartir, intercambiar, armon\u00eda, equilibrio).  <\/p>\n<p>Ha llegado el momento de hacer accesible el intercambio cultural y espiritual entre culturas a las personas que no pueden viajar a Per\u00fa o Bolivia.  <\/p>\n<p>Para conseguirlo, hemos fundado esta asociaci\u00f3n.  <\/p>\n<p>Invitamos a los curanderos ind\u00edgenas a compartir con nosotros sus conocimientos pr\u00e1cticos, terap\u00e9uticos y espirituales, transmitidos tradicionalmente durante muchas generaciones.<\/p>\n<p>Estar\u00edamos encantados de que apoyara este esfuerzo con una afiliaci\u00f3n, pero los no afiliados tambi\u00e9n son muy bienvenidos a experimentar nuevas perspectivas de la vida y ayuda para la autoayuda.<br \/>\n<em><br \/>\nD\u00e9 el primer paso, \u00a1estamos a su disposici\u00f3n!  <\/em><\/p>\n<\/div><\/section><\/p><\/div>\n<style type=\"text\/css\" data-created_by=\"avia_inline_auto\" id=\"style-css-av-tqjc-b8ff361964bde977c74ea7a91a3c2a1b\">\n.flex_column.av-tqjc-b8ff361964bde977c74ea7a91a3c2a1b{\npadding:1% 1% 1% 1%;\nbackground-color:#fcf3a6;\n}\n<\/style>\n<div  class='flex_column av-tqjc-b8ff361964bde977c74ea7a91a3c2a1b av_one_third  avia-builder-el-6  el_after_av_two_third  el_before_av_one_full  flex_column_div  '     ><div  id=\"avia-magazine-1\"  class='av-magazine av-lpcah9ra-fc1bc80fd02c1327c8ed2fd294614705 av-magazine-top-bar-active av-magazine-tabs-active  avia-builder-el-7  avia-builder-el-no-sibling   avia-builder-el-7  avia-builder-el-no-sibling ' ><div class='av-magazine-top-bar '><span class='av-magazine-top-heading '>\u00daltimas noticias<\/span><\/div><div class='av-magazine-group sort_all'><article class='av-magazine-entry av-magazine-entry-id-1175 av-magazine-format-standard av-magazine-type-post av-magazine-entry-1 av-magazine-entry-small '  itemscope=\"itemscope\" itemtype=\"https:\/\/schema.org\/CreativeWork\" ><div class=\"av-magazine-thumbnail\"><a href='https:\/\/www.kuychichaka.org\/es\/ceremonia-del-cacao-con-vilma\/' title='Enlace a: Ceremonia del cacao con Vilma' class='av-magazine-thumbnail-link'><img decoding=\"async\" fetchpriority=\"high\" width=\"80\" height=\"80\" src=\"https:\/\/www.kuychichaka.org\/wp-content\/uploads\/2024\/04\/kakaozeremonie-vilma-80x80.webp\" class=\"wp-image-1166 avia-img-lazy-loading-not-1166 attachment-thumbnail size-thumbnail wp-post-image\" alt=\"\" srcset=\"https:\/\/www.kuychichaka.org\/wp-content\/uploads\/2024\/04\/kakaozeremonie-vilma-80x80.webp 80w, https:\/\/www.kuychichaka.org\/wp-content\/uploads\/2024\/04\/kakaozeremonie-vilma-36x36.webp 36w, https:\/\/www.kuychichaka.org\/wp-content\/uploads\/2024\/04\/kakaozeremonie-vilma-180x180.webp 180w\" sizes=\"(max-width: 80px) 100vw, 80px\" \/><\/a><\/div><div class=\"av-magazine-content-wrap\"><header class=\"entry-content-header\" aria-label=\"Post: Ceremonia del cacao con Vilma\"><time class='av-magazine-time updated'  itemprop=\"datePublished\" datetime=\"2024-04-25T12:56:54+02:00\" >25 de abril de 2024<\/time><h3 class='av-magazine-title entry-title '  itemprop=\"headline\" ><a href='https:\/\/www.kuychichaka.org\/es\/ceremonia-del-cacao-con-vilma\/' title='Enlace a: Ceremonia del cacao con Vilma'>Ceremonia del cacao con Vilma<\/a><\/h3><\/header><\/div><footer class=\"entry-footer\"><\/footer><\/article><article class='av-magazine-entry av-magazine-entry-id-1069 av-magazine-format-standard av-magazine-type-post av-magazine-entry-2 av-magazine-entry-small '  itemscope=\"itemscope\" itemtype=\"https:\/\/schema.org\/CreativeWork\" ><div class=\"av-magazine-thumbnail\"><a href='https:\/\/www.kuychichaka.org\/es\/el-curandero-de-paco-willko-viene-de-visita\/' title='Enlace a: \u00a1El curandero de Paco Willko viene de visita!' class='av-magazine-thumbnail-link'><img decoding=\"async\" fetchpriority=\"high\" width=\"80\" height=\"80\" src=\"https:\/\/www.kuychichaka.org\/wp-content\/uploads\/2024\/04\/blog_Willko-80x80.webp\" class=\"wp-image-1060 avia-img-lazy-loading-not-1060 attachment-thumbnail size-thumbnail wp-post-image\" alt=\"\" srcset=\"https:\/\/www.kuychichaka.org\/wp-content\/uploads\/2024\/04\/blog_Willko-80x80.webp 80w, https:\/\/www.kuychichaka.org\/wp-content\/uploads\/2024\/04\/blog_Willko-36x36.webp 36w, https:\/\/www.kuychichaka.org\/wp-content\/uploads\/2024\/04\/blog_Willko-180x180.webp 180w\" sizes=\"(max-width: 80px) 100vw, 80px\" \/><\/a><\/div><div class=\"av-magazine-content-wrap\"><header class=\"entry-content-header\" aria-label=\"Post: \u00a1El curandero de Paco Willko viene de visita!\"><time class='av-magazine-time updated'  itemprop=\"datePublished\" datetime=\"2024-04-18T10:48:41+02:00\" >18 de abril de 2024<\/time><h3 class='av-magazine-title entry-title '  itemprop=\"headline\" ><a href='https:\/\/www.kuychichaka.org\/es\/el-curandero-de-paco-willko-viene-de-visita\/' title='Enlace a: \u00a1El curandero de Paco Willko viene de visita!'>\u00a1El curandero de Paco Willko viene de visita!<\/a><\/h3><\/header><\/div><footer class=\"entry-footer\"><\/footer><\/article><article class='av-magazine-entry av-magazine-entry-id-376 av-magazine-format-standard av-magazine-type-post av-magazine-entry-3 av-magazine-entry-small '  itemscope=\"itemscope\" itemtype=\"https:\/\/schema.org\/CreativeWork\" ><div class=\"av-magazine-thumbnail\"><a href='https:\/\/www.kuychichaka.org\/es\/resumen-tras-los-tres-mundos\/' title='Enlace a: Resumen tras los tres mundos' class='av-magazine-thumbnail-link'><img decoding=\"async\" fetchpriority=\"high\" width=\"80\" height=\"80\" src=\"https:\/\/www.kuychichaka.org\/wp-content\/uploads\/2023\/11\/resuemee-ricarda-80x80.webp\" class=\"wp-image-308 avia-img-lazy-loading-not-308 attachment-thumbnail size-thumbnail wp-post-image\" alt=\"\" srcset=\"https:\/\/www.kuychichaka.org\/wp-content\/uploads\/2023\/11\/resuemee-ricarda-80x80.webp 80w, https:\/\/www.kuychichaka.org\/wp-content\/uploads\/2023\/11\/resuemee-ricarda-36x36.webp 36w, https:\/\/www.kuychichaka.org\/wp-content\/uploads\/2023\/11\/resuemee-ricarda-180x180.webp 180w\" sizes=\"(max-width: 80px) 100vw, 80px\" \/><\/a><\/div><div class=\"av-magazine-content-wrap\"><header class=\"entry-content-header\" aria-label=\"Post: Resumen tras los tres mundos\"><time class='av-magazine-time updated'  itemprop=\"datePublished\" datetime=\"2023-11-13T10:08:38+01:00\" >13 de noviembre de 2023<\/time><h3 class='av-magazine-title entry-title '  itemprop=\"headline\" ><a href='https:\/\/www.kuychichaka.org\/es\/resumen-tras-los-tres-mundos\/' title='Enlace a: Resumen tras los tres mundos'>Resumen tras los tres mundos<\/a><\/h3><\/header><\/div><footer class=\"entry-footer\"><\/footer><\/article><article class='av-magazine-entry av-magazine-entry-id-526 av-magazine-format-standard av-magazine-type-post av-magazine-entry-4 av-magazine-entry-small '  itemscope=\"itemscope\" itemtype=\"https:\/\/schema.org\/CreativeWork\" ><div class=\"av-magazine-thumbnail\"><a href='https:\/\/www.kuychichaka.org\/es\/descubre-las-semillas-que-llevas-dentro\/' title='Enlace a: Descubre las semillas que llevas dentro' class='av-magazine-thumbnail-link'><img decoding=\"async\" fetchpriority=\"high\" width=\"80\" height=\"80\" src=\"https:\/\/www.kuychichaka.org\/wp-content\/uploads\/2023\/11\/adrian-80x80.webp\" class=\"wp-image-296 avia-img-lazy-loading-not-296 attachment-thumbnail size-thumbnail wp-post-image\" alt=\"\" srcset=\"https:\/\/www.kuychichaka.org\/wp-content\/uploads\/2023\/11\/adrian-80x80.webp 80w, https:\/\/www.kuychichaka.org\/wp-content\/uploads\/2023\/11\/adrian-36x36.webp 36w, https:\/\/www.kuychichaka.org\/wp-content\/uploads\/2023\/11\/adrian-180x180.webp 180w\" sizes=\"(max-width: 80px) 100vw, 80px\" \/><\/a><\/div><div class=\"av-magazine-content-wrap\"><header class=\"entry-content-header\" aria-label=\"Post: Descubre las semillas que llevas dentro\"><time class='av-magazine-time updated'  itemprop=\"datePublished\" datetime=\"2023-11-10T10:04:42+01:00\" >10 de noviembre de 2023<\/time><h3 class='av-magazine-title entry-title '  itemprop=\"headline\" ><a href='https:\/\/www.kuychichaka.org\/es\/descubre-las-semillas-que-llevas-dentro\/' title='Enlace a: Descubre las semillas que llevas dentro'>Descubre las semillas que llevas dentro<\/a><\/h3><\/header><\/div><footer class=\"entry-footer\"><\/footer><\/article><article class='av-magazine-entry av-magazine-entry-id-421 av-magazine-format-standard av-magazine-type-post av-magazine-entry-5 av-magazine-entry-small '  itemscope=\"itemscope\" itemtype=\"https:\/\/schema.org\/CreativeWork\" ><div class=\"av-magazine-thumbnail\"><a href='https:\/\/www.kuychichaka.org\/es\/sonar-juntos\/' title='Enlace a: So\u00f1ar juntos' class='av-magazine-thumbnail-link'><img decoding=\"async\" fetchpriority=\"high\" width=\"80\" height=\"80\" src=\"https:\/\/www.kuychichaka.org\/wp-content\/uploads\/2023\/11\/gruenderteam-kuychichaka-80x80.webp\" class=\"wp-image-270 avia-img-lazy-loading-not-270 attachment-thumbnail size-thumbnail wp-post-image\" alt=\"\" srcset=\"https:\/\/www.kuychichaka.org\/wp-content\/uploads\/2023\/11\/gruenderteam-kuychichaka-80x80.webp 80w, https:\/\/www.kuychichaka.org\/wp-content\/uploads\/2023\/11\/gruenderteam-kuychichaka-36x36.webp 36w, https:\/\/www.kuychichaka.org\/wp-content\/uploads\/2023\/11\/gruenderteam-kuychichaka-180x180.webp 180w\" sizes=\"(max-width: 80px) 100vw, 80px\" \/><\/a><\/div><div class=\"av-magazine-content-wrap\"><header class=\"entry-content-header\" aria-label=\"Post: So\u00f1ar juntos\"><time class='av-magazine-time updated'  itemprop=\"datePublished\" datetime=\"2023-11-02T08:11:07+01:00\" >2 de noviembre de 2023<\/time><h3 class='av-magazine-title entry-title '  itemprop=\"headline\" ><a href='https:\/\/www.kuychichaka.org\/es\/sonar-juntos\/' title='Enlace a: So\u00f1ar juntos'>So\u00f1ar juntos<\/a><\/h3><\/header><\/div><footer class=\"entry-footer\"><\/footer><\/article><\/div><\/div><\/div><\/p>\n<div  id=\"nl\"  class='flex_column av-970-7d8c319fc05dd80d7d7552df7d24b24e av_one_full  avia-builder-el-8  el_after_av_one_third  el_before_av_hr  first flex_column_div  column-top-margin'     ><\/div>\n<div  class='hr av-z2fo-cb391dd295a51965fb6a9a595aae4e56 hr-default  avia-builder-el-10  el_after_av_one_full  avia-builder-el-last '><span class='hr-inner '><span class=\"hr-inner-style\"><\/span><\/span><\/div>\n","protected":false},"excerpt":{"rendered":"","protected":false},"author":1,"featured_media":0,"parent":0,"menu_order":0,"comment_status":"closed","ping_status":"closed","template":"","meta":{"footnotes":""},"class_list":["post-392","page","type-page","status-publish","hentry"],"_links":{"self":[{"href":"https:\/\/www.kuychichaka.org\/es\/wp-json\/wp\/v2\/pages\/392","targetHints":{"allow":["GET"]}}],"collection":[{"href":"https:\/\/www.kuychichaka.org\/es\/wp-json\/wp\/v2\/pages"}],"about":[{"href":"https:\/\/www.kuychichaka.org\/es\/wp-json\/wp\/v2\/types\/page"}],"author":[{"embeddable":true,"href":"https:\/\/www.kuychichaka.org\/es\/wp-json\/wp\/v2\/users\/1"}],"replies":[{"embeddable":true,"href":"https:\/\/www.kuychichaka.org\/es\/wp-json\/wp\/v2\/comments?post=392"}],"version-history":[{"count":72,"href":"https:\/\/www.kuychichaka.org\/es\/wp-json\/wp\/v2\/pages\/392\/revisions"}],"predecessor-version":[{"id":1524,"href":"https:\/\/www.kuychichaka.org\/es\/wp-json\/wp\/v2\/pages\/392\/revisions\/1524"}],"wp:attachment":[{"href":"https:\/\/www.kuychichaka.org\/es\/wp-json\/wp\/v2\/media?parent=392"}],"curies":[{"name":"wp","href":"https:\/\/api.w.org\/{rel}","templated":true}]}}