{"id":397,"date":"2023-11-15T08:01:53","date_gmt":"2023-11-15T07:01:53","guid":{"rendered":"https:\/\/www.kuychichaka.com\/pie-de-imprenta\/"},"modified":"2023-12-12T14:49:04","modified_gmt":"2023-12-12T13:49:04","slug":"pie-de-imprenta","status":"publish","type":"page","link":"https:\/\/www.kuychichaka.org\/es\/pie-de-imprenta\/","title":{"rendered":"Pie de imprenta"},"content":{"rendered":"<div id='full_slider_1'  class='avia-fullwidth-slider main_color avia-shadow   avia-builder-el-0  el_before_av_heading  avia-builder-el-first   container_wrap sidebar_right'  ><div  class='avia-slideshow av-lozf0x6e-dec5013b47ee593eb6508992f9376b3f avia-slideshow-featured_large av_slideshow_full avia-slide-slider av-slideshow-ui av-control-default av-slideshow-manual av-loop-once av-loop-manual-endless av-default-height-applied   avia-slideshow-1' data-slideshow-options=\"{&quot;animation&quot;:&quot;slide&quot;,&quot;autoplay&quot;:false,&quot;loop_autoplay&quot;:&quot;once&quot;,&quot;interval&quot;:5,&quot;loop_manual&quot;:&quot;manual-endless&quot;,&quot;autoplay_stopper&quot;:false,&quot;noNavigation&quot;:false,&quot;bg_slider&quot;:false,&quot;keep_padding&quot;:false,&quot;hoverpause&quot;:false,&quot;show_slide_delay&quot;:0}\"  itemprop=\"image\" itemscope=\"itemscope\" itemtype=\"https:\/\/schema.org\/ImageObject\" ><ul class='avia-slideshow-inner ' style='padding-bottom: 42%;'><li  class='avia-slideshow-slide av-lozf0x6e-dec5013b47ee593eb6508992f9376b3f__0  av-single-slide slide-1 slide-odd'><div data-rel='slideshow-1' class='avia-slide-wrap '   ><img decoding=\"async\" fetchpriority=\"high\" class=\"wp-image-248 avia-img-lazy-loading-not-248\"  src=\"https:\/\/www.kuychichaka.org\/wp-content\/uploads\/2023\/11\/heaven-4850411-1500x630.webp\" width=\"1500\" height=\"630\" title='heaven-4850411' alt=''  itemprop=\"thumbnailUrl\"   \/><\/div><\/li><\/ul><\/div><\/div><div id='after_full_slider_1'  class='main_color av_default_container_wrap container_wrap sidebar_right'  ><div class='container av-section-cont-open' ><div class='template-page content  av-content-small alpha units'><div class='post-entry post-entry-type-page post-entry-397'><div class='entry-content-wrapper clearfix'>\n\n<style type=\"text\/css\" data-created_by=\"avia_inline_auto\" id=\"style-css-av-lozezfwt-a0976e6717af17756d9f43c8928b2e38\">\n#top .av-special-heading.av-lozezfwt-a0976e6717af17756d9f43c8928b2e38{\npadding-bottom:10px;\n}\nbody .av-special-heading.av-lozezfwt-a0976e6717af17756d9f43c8928b2e38 .av-special-heading-tag .heading-char{\nfont-size:25px;\n}\n.av-special-heading.av-lozezfwt-a0976e6717af17756d9f43c8928b2e38 .av-subheading{\nfont-size:15px;\n}\n<\/style>\n<div  class='av-special-heading av-lozezfwt-a0976e6717af17756d9f43c8928b2e38 av-special-heading-h1 blockquote modern-quote modern-centered  avia-builder-el-1  el_after_av_slideshow_full  el_before_av_textblock  avia-builder-el-first '><h1 class='av-special-heading-tag '  itemprop=\"headline\"  >Pie de imprenta<\/h1><div class=\"special-heading-border\"><div class=\"special-heading-inner-border\"><\/div><\/div><\/div>\n<section  class='av_textblock_section av-lozez9ia-ec25b0d1fbf408eb52699e8fd248e77e '   itemscope=\"itemscope\" itemtype=\"https:\/\/schema.org\/CreativeWork\" ><div class='avia_textblock'  itemprop=\"text\" ><h3>Kuychichaka, Puente del Arco Iris<\/h3>\n<h4>Asociaci\u00f3n para la conexi\u00f3n de culturas<\/h4>\n<p>Gahbergstra\u00dfe 30<br \/>\nA-4852 Weyregg am Attersee<\/p>\n<p><strong>P\u00f3ngase en contacto con nosotros<\/strong><br \/>\nTel\u00e9fono: 0043 (0) 676 3533845<br \/>\nCorreo electr\u00f3nico: info(a)kuychichaka.org<\/p>\n<p>Responsabilidad:<br \/>\nAdministraci\u00f3n del distrito de V\u00f6cklabruck N\u00famero ZVR: 1299953135<\/p>\n<\/div><\/section>\n","protected":false},"excerpt":{"rendered":"","protected":false},"author":1,"featured_media":0,"parent":0,"menu_order":0,"comment_status":"closed","ping_status":"closed","template":"","meta":{"footnotes":""},"class_list":["post-397","page","type-page","status-publish","hentry"],"_links":{"self":[{"href":"https:\/\/www.kuychichaka.org\/es\/wp-json\/wp\/v2\/pages\/397","targetHints":{"allow":["GET"]}}],"collection":[{"href":"https:\/\/www.kuychichaka.org\/es\/wp-json\/wp\/v2\/pages"}],"about":[{"href":"https:\/\/www.kuychichaka.org\/es\/wp-json\/wp\/v2\/types\/page"}],"author":[{"embeddable":true,"href":"https:\/\/www.kuychichaka.org\/es\/wp-json\/wp\/v2\/users\/1"}],"replies":[{"embeddable":true,"href":"https:\/\/www.kuychichaka.org\/es\/wp-json\/wp\/v2\/comments?post=397"}],"version-history":[{"count":12,"href":"https:\/\/www.kuychichaka.org\/es\/wp-json\/wp\/v2\/pages\/397\/revisions"}],"predecessor-version":[{"id":505,"href":"https:\/\/www.kuychichaka.org\/es\/wp-json\/wp\/v2\/pages\/397\/revisions\/505"}],"wp:attachment":[{"href":"https:\/\/www.kuychichaka.org\/es\/wp-json\/wp\/v2\/media?parent=397"}],"curies":[{"name":"wp","href":"https:\/\/api.w.org\/{rel}","templated":true}]}}